{"id":57883,"date":"2024-10-27T14:08:54","date_gmt":"2024-10-27T13:08:54","guid":{"rendered":"https:\/\/kanzleifuchs.com\/?page_id=57883"},"modified":"2024-11-03T11:50:33","modified_gmt":"2024-11-03T10:50:33","slug":"datentransfer","status":"publish","type":"page","link":"https:\/\/kanzleifuchs.com\/en\/datentransfer\/","title":{"rendered":"Datentransfer"},"content":{"rendered":"<div class=\"wpb-content-wrapper\"><div class=\"vc_row wpb_row vc_row-fluid\"><div class=\"wpb_column vc_column_container vc_col-sm-12\"><div class=\"vc_column-inner\"><div class=\"wpb_wrapper\"><div class=\"wpforms-container wpforms-container-full\" id=\"wpforms-57887\"><form id=\"wpforms-form-57887\" class=\"wpforms-validate wpforms-form wpforms-ajax-form\" data-formid=\"57887\" method=\"post\" enctype=\"multipart\/form-data\" action=\"\/en\/wp-json\/wp\/v2\/pages\/57883?wpforms_form_id=57887\" data-token=\"d1327e4e6aa94c2596aa667269acccda\" data-token-time=\"1775295174\"><noscript class=\"wpforms-error-noscript\">Please enable JavaScript in your browser to complete this form.<\/noscript><div class=\"wpforms-field-container\"><div id=\"wpforms-57887-field_1-container\" class=\"wpforms-field wpforms-field-name\" data-field-id=\"1\"><label class=\"wpforms-field-label\" for=\"wpforms-57887-field_1\">Name <span class=\"wpforms-required-label\">*<\/span><\/label><div class=\"wpforms-field-row wpforms-field-large\"><div class=\"wpforms-field-row-block wpforms-first wpforms-one-half\"><input type=\"text\" id=\"wpforms-57887-field_1\" class=\"wpforms-field-name-first wpforms-field-required\" name=\"wpforms[fields][1][first]\" required><label for=\"wpforms-57887-field_1\" class=\"wpforms-field-sublabel after\">First<\/label><\/div><div class=\"wpforms-field-row-block wpforms-one-half\"><input type=\"text\" id=\"wpforms-57887-field_1-last\" class=\"wpforms-field-name-last wpforms-field-required\" name=\"wpforms[fields][1][last]\" required><label for=\"wpforms-57887-field_1-last\" class=\"wpforms-field-sublabel after\">Last<\/label><\/div><\/div><\/div><div id=\"wpforms-57887-field_4-container\" class=\"wpforms-field wpforms-field-layout\" data-field-id=\"4\"><div class=\"wpforms-field-layout-rows wpforms-field-large\"><div class=\"wpforms-layout-row\"><div class=\"wpforms-layout-column wpforms-layout-column-50\"><div id=\"wpforms-57887-field_2-container\" class=\"wpforms-field wpforms-field-email\" data-field-id=\"2\"><label class=\"wpforms-field-label\" for=\"wpforms-57887-field_2\">E-Mail-Adresse <span class=\"wpforms-required-label\">*<\/span><\/label><input type=\"email\" id=\"wpforms-57887-field_2\" class=\"wpforms-field-large wpforms-field-required\" name=\"wpforms[fields][2]\" spellcheck=\"false\" required><\/div><\/div><div class=\"wpforms-layout-column wpforms-layout-column-50\"><div id=\"wpforms-57887-field_11-container\" class=\"wpforms-field wpforms-field-text\" data-field-id=\"11\"><label class=\"wpforms-field-label\" for=\"wpforms-57887-field_11\">Betreff <span class=\"wpforms-required-label\">*<\/span><\/label><input type=\"text\" id=\"wpforms-57887-field_11\" class=\"wpforms-field-large wpforms-field-required\" name=\"wpforms[fields][11]\" required><div class=\"wpforms-field-description\">Bitte w\u00e4hlen Sie eine passende Bezeichnung f\u00fcr die Dokumente aus.<\/div><\/div><\/div><\/div><\/div><\/div><div id=\"wpforms-57887-field_7-container\" class=\"wpforms-field wpforms-field-file-upload\" data-field-id=\"7\"><label class=\"wpforms-field-label\" for=\"wpforms-57887-field_7\">Upload Ihrer Steuerunterlagen als ZIP-Datei <span class=\"wpforms-required-label\">*<\/span><\/label><div\n\t\tclass=\"wpforms-uploader\"\n\t\tdata-field-id=\"7\"\n\t\tdata-form-id=\"57887\"\n\t\tdata-input-name=\"wpforms_57887_7\"\n\t\tdata-extensions=\"zip,rar\"\n\t\tdata-max-size=\"26214400\"\n\t\tdata-max-file-number=\"1\"\n\t\tdata-post-max-size=\"402653184\"\n\t\tdata-max-parallel-uploads=\"4\"\n\t\tdata-parallel-uploads=\"true\"\n\t\tdata-file-chunk-size=\"2097152\">\n\t<div class=\"dz-message\">\n\t\t<svg viewBox=\"0 0 1024 1024\" focusable=\"false\" data-icon=\"inbox\" width=\"50px\" height=\"50px\" fill=\"currentColor\" aria-hidden=\"true\">\n\t\t\t<path d=\"M885.2 446.3l-.2-.8-112.2-285.1c-5-16.1-19.9-27.2-36.8-27.2H281.2c-17 0-32.1 11.3-36.9 27.6L139.4 443l-.3.7-.2.8c-1.3 4.9-1.7 9.9-1 14.8-.1 1.6-.2 3.2-.2 4.8V830a60.9 60.9 0 0 0 60.8 60.8h627.2c33.5 0 60.8-27.3 60.9-60.8V464.1c0-1.3 0-2.6-.1-3.7.4-4.9 0-9.6-1.3-14.1zm-295.8-43l-.3 15.7c-.8 44.9-31.8 75.1-77.1 75.1-22.1 0-41.1-7.1-54.8-20.6S436 441.2 435.6 419l-.3-15.7H229.5L309 210h399.2l81.7 193.3H589.4zm-375 76.8h157.3c24.3 57.1 76 90.8 140.4 90.8 33.7 0 65-9.4 90.3-27.2 22.2-15.6 39.5-37.4 50.7-63.6h156.5V814H214.4V480.1z\"><\/path>\n\t\t<\/svg>\n\t\t<span class=\"modern-title\">Click or drag a file to this area to upload.<\/span>\n\n\t\t\t<\/div>\n<\/div>\n<input\n\t\ttype=\"text\"\n\t\tautocomplete=\"off\"\n\t\treadonly\n\t\tclass=\"dropzone-input\"\n\t\tstyle=\"position:absolute!important;clip:rect(0,0,0,0)!important;height:1px!important;width:1px!important;border:0!important;overflow:hidden!important;padding:0!important;margin:0!important;\"\n\t\tid=\"wpforms-57887-field_7\"\n\t\tname=\"wpforms_57887_7\" required\t\tvalue=\"\">\n<div class=\"wpforms-field-description\">Um eine sichere und \u00fcbersichtliche \u00dcbermittlung Ihrer Unterlagen zu gew\u00e4hrleisten, bitten wir Sie, alle Dokumente, die Sie hochladen m\u00f6chten, vorab in einer ZIP-Datei mit einer maximalen Gr\u00f6\u00dfe von 25 MB zu komprimieren. Dies erleichtert die klare Strukturierung und vermeidet Un\u00fcbersichtlichkeit, insbesondere bei gr\u00f6\u00dferen Datenmengen.<\/div><\/div><div id=\"wpforms-57887-field_3-container\" class=\"wpforms-field wpforms-field-textarea\" data-field-id=\"3\"><label class=\"wpforms-field-label\" for=\"wpforms-57887-field_3\">M\u00f6chten Sie uns eine Notiz zu Ihren Unterlagen hinterlassen?<\/label><textarea id=\"wpforms-57887-field_3\" class=\"wpforms-field-small wpforms-limit-characters-enabled\" data-form-id=\"57887\" data-field-id=\"3\" data-text-limit=\"3000\" name=\"wpforms[fields][3]\" maxlength=\"3000\" ><\/textarea><\/div><div id=\"wpforms-57887-field_9-container\" class=\"wpforms-field wpforms-field-captcha\" data-field-id=\"9\"><label class=\"wpforms-field-label\" for=\"wpforms-57887-field_9\">Captcha <span class=\"wpforms-required-label\">*<\/span><\/label>\t\t\t<div class=\"wpforms-captcha-math\">\n\t\t\t\t<span id=\"wpforms-57887-field_9-question\" class=\"wpforms-captcha-equation\">\n\t\t\t\t\t<span class=\"n1\">1<\/span>\n\t\t\t\t\t\t\t<span class=\"cal\">*<\/span>\n\t\t\t\t\t\t\t<span class=\"n2\">6<\/span>\t\t\t\t\t<span class=\"e\">=<\/span>\n\t\t\t\t<\/span>\n\t\t\t\t<input type=\"text\" id=\"wpforms-57887-field_9\" class=\"wpforms-field-medium wpforms-field-required a\" data-rule-wpf-captcha=\"math\" data-is-wrapped-field=\"1\" name=\"wpforms[fields][9][a]\" aria-describedby=\"wpforms-57887-field_9-question\" required>\t\t\t\t<input type=\"hidden\" name=\"wpforms[fields][9][cal]\" class=\"cal\">\n\t\t\t\t<input type=\"hidden\" name=\"wpforms[fields][9][n2]\" class=\"n2\">\n\t\t\t\t<input type=\"hidden\" name=\"wpforms[fields][9][n1]\" class=\"n1\">\n\t\t\t<\/div>\n\t\t\t<div class=\"wpforms-field-description\">Bitte l\u00f6sen Sie die Rechenaufgabe zur Verhinderung von Spam.<\/div><\/div><div id=\"wpforms-57887-field_8-container\" class=\"wpforms-field wpforms-field-gdpr-checkbox\" data-field-id=\"8\"><label class=\"wpforms-field-label\">DSGVO-Einverst\u00e4ndnis <span class=\"wpforms-required-label\">*<\/span><\/label><ul id=\"wpforms-57887-field_8\" class=\"wpforms-field-required\"><li class=\"choice-1\"><input type=\"checkbox\" id=\"wpforms-57887-field_8_1\" name=\"wpforms[fields][8][]\" value=\"Mit dem Hochladen Ihrer Unterlagen erkl\u00e4ren Sie sich damit einverstanden, dass die \u00fcbermittelten Daten ausschlie\u00dflich zum Zweck der Bearbeitung durch unsere Steuerkanzlei verwendet werden. Ihre Daten werden nicht zwischengespeichert, sondern direkt und ausschlie\u00dflich in das sichere, passwortgesch\u00fctzte Postfach unserer Kanzlei \u00fcbermittelt. Die \u00dcbertragung erfolgt \u00fcber eine SSL-verschl\u00fcsselte Verbindung, die den h\u00f6chsten Sicherheitsstandards entspricht, um Ihre pers\u00f6nlichen Daten vor unbefugtem Zugriff zu sch\u00fctzen. Die Datenverarbeitung erfolgt gem\u00e4\u00df den Bestimmungen der Datenschutz-Grundverordnung (DSGVO).\" required ><label class=\"wpforms-field-label-inline\" for=\"wpforms-57887-field_8_1\">Mit dem Hochladen Ihrer Unterlagen erkl\u00e4ren Sie sich damit einverstanden, dass die \u00fcbermittelten Daten ausschlie\u00dflich zum Zweck der Bearbeitung durch unsere Steuerkanzlei verwendet werden. Ihre Daten werden nicht zwischengespeichert, sondern direkt und ausschlie\u00dflich in das sichere, passwortgesch\u00fctzte Postfach unserer Kanzlei \u00fcbermittelt. Die \u00dcbertragung erfolgt \u00fcber eine SSL-verschl\u00fcsselte Verbindung, die den h\u00f6chsten Sicherheitsstandards entspricht, um Ihre pers\u00f6nlichen Daten vor unbefugtem Zugriff zu sch\u00fctzen. Die Datenverarbeitung erfolgt gem\u00e4\u00df den Bestimmungen der Datenschutz-Grundverordnung (DSGVO).<\/label><\/li><\/ul><\/div><\/div><!-- .wpforms-field-container --><div class=\"wpforms-submit-container\" ><input type=\"hidden\" name=\"wpforms[id]\" value=\"57887\"><input type=\"hidden\" name=\"page_title\" value=\"\"><input type=\"hidden\" name=\"page_url\" value=\"https:\/\/kanzleifuchs.com\/en\/wp-json\/wp\/v2\/pages\/57883\"><button type=\"submit\" name=\"wpforms[submit]\" id=\"wpforms-submit-57887\" class=\"wpforms-submit\" data-alt-text=\"Wird gesendet\u00a0\u2026\" data-submit-text=\"Absenden\" aria-live=\"assertive\" value=\"wpforms-submit\">Absenden<\/button><img loading=\"lazy\" decoding=\"async\" src=\"https:\/\/kanzleifuchs.com\/wp-content\/plugins\/wpforms\/assets\/images\/submit-spin.svg\" class=\"wpforms-submit-spinner\" style=\"display: none;\" width=\"26\" height=\"26\" alt=\"Loading\"><\/div><\/form><\/div>  <!-- .wpforms-container --><\/div><\/div><\/div><\/div>\n<\/div>","protected":false},"excerpt":{"rendered":"<p>Please enable JavaScript in your browser to complete this form.Name *FirstLastE-Mail-Adresse *Betreff *Bitte w\u00e4hlen Sie eine passende Bezeichnung f\u00fcr die Dokumente aus.Upload Ihrer Steuerunterlagen als ZIP-Datei * Click or drag a file to this area to upload. Um eine sichere und \u00fcbersichtliche \u00dcbermittlung Ihrer Unterlagen zu gew\u00e4hrleisten, bitten wir Sie, alle Dokumente, die Sie hochladen&hellip;<\/p>","protected":false},"author":1,"featured_media":0,"parent":0,"menu_order":0,"comment_status":"closed","ping_status":"closed","template":"","meta":{"footnotes":""},"class_list":["post-57883","page","type-page","status-publish","hentry","description-off"],"yoast_head":"<!-- This site is optimized with the Yoast SEO plugin v27.3 - https:\/\/yoast.com\/product\/yoast-seo-wordpress\/ -->\n<title>Datentransfer | Kanzlei Fuchs<\/title>\n<meta name=\"description\" content=\"Datentransfer der Steuer- und Wirtschaftsberatung Kanzlei Fuchs in Bielefeld. Hier k\u00f6nnen Sie uns Ihre Unterlagen zusenden.\" \/>\n<meta name=\"robots\" content=\"index, follow, max-snippet:-1, max-image-preview:large, max-video-preview:-1\" \/>\n<link rel=\"canonical\" href=\"https:\/\/kanzleifuchs.com\/en\/datentransfer\/\" \/>\n<meta property=\"og:locale\" content=\"en_GB\" \/>\n<meta property=\"og:type\" content=\"article\" \/>\n<meta property=\"og:title\" content=\"Datentransfer | Kanzlei Fuchs\" \/>\n<meta property=\"og:description\" content=\"Datentransfer der Steuer- und Wirtschaftsberatung Kanzlei Fuchs in Bielefeld. Hier k\u00f6nnen Sie uns Ihre Unterlagen zusenden.\" \/>\n<meta property=\"og:url\" content=\"https:\/\/kanzleifuchs.com\/en\/datentransfer\/\" \/>\n<meta property=\"og:site_name\" content=\"Kanzlei Fuchs\" \/>\n<meta property=\"article:modified_time\" content=\"2024-11-03T10:50:33+00:00\" \/>\n<meta name=\"twitter:card\" content=\"summary_large_image\" \/>\n<meta name=\"twitter:title\" content=\"Datentransfer | Kanzlei Fuchs\" \/>\n<meta name=\"twitter:description\" content=\"Impressum der Steuer- und Wirtschaftsberatung Kanzlei Fuchs in Bielefeld. Unsere Kontaktdaten, Rechtsform und weitere wichtige Informationen.\" \/>\n<meta name=\"twitter:label1\" content=\"Estimated reading time\" \/>\n\t<meta name=\"twitter:data1\" content=\"1 minute\" \/>\n<script type=\"application\/ld+json\" class=\"yoast-schema-graph\">{\"@context\":\"https:\\\/\\\/schema.org\",\"@graph\":[{\"@type\":\"WebPage\",\"@id\":\"https:\\\/\\\/kanzleifuchs.com\\\/datentransfer\\\/\",\"url\":\"https:\\\/\\\/kanzleifuchs.com\\\/datentransfer\\\/\",\"name\":\"Datentransfer | Kanzlei Fuchs\",\"isPartOf\":{\"@id\":\"https:\\\/\\\/kanzleifuchs.com\\\/#website\"},\"datePublished\":\"2024-10-27T13:08:54+00:00\",\"dateModified\":\"2024-11-03T10:50:33+00:00\",\"description\":\"Datentransfer der Steuer- und Wirtschaftsberatung Kanzlei Fuchs in Bielefeld. Hier k\u00f6nnen Sie uns Ihre Unterlagen zusenden.\",\"breadcrumb\":{\"@id\":\"https:\\\/\\\/kanzleifuchs.com\\\/datentransfer\\\/#breadcrumb\"},\"inLanguage\":\"en-GB\",\"potentialAction\":[{\"@type\":\"ReadAction\",\"target\":[\"https:\\\/\\\/kanzleifuchs.com\\\/datentransfer\\\/\"]}]},{\"@type\":\"BreadcrumbList\",\"@id\":\"https:\\\/\\\/kanzleifuchs.com\\\/datentransfer\\\/#breadcrumb\",\"itemListElement\":[{\"@type\":\"ListItem\",\"position\":1,\"name\":\"Startseite\",\"item\":\"https:\\\/\\\/kanzleifuchs.com\\\/\"},{\"@type\":\"ListItem\",\"position\":2,\"name\":\"Datentransfer\"}]},{\"@type\":\"WebSite\",\"@id\":\"https:\\\/\\\/kanzleifuchs.com\\\/#website\",\"url\":\"https:\\\/\\\/kanzleifuchs.com\\\/\",\"name\":\"Kanzlei Fuchs\",\"description\":\"Steuer- und Wirtschaftsberatung\",\"publisher\":{\"@id\":\"https:\\\/\\\/kanzleifuchs.com\\\/#organization\"},\"potentialAction\":[{\"@type\":\"SearchAction\",\"target\":{\"@type\":\"EntryPoint\",\"urlTemplate\":\"https:\\\/\\\/kanzleifuchs.com\\\/?s={search_term_string}\"},\"query-input\":{\"@type\":\"PropertyValueSpecification\",\"valueRequired\":true,\"valueName\":\"search_term_string\"}}],\"inLanguage\":\"en-GB\"},{\"@type\":\"Organization\",\"@id\":\"https:\\\/\\\/kanzleifuchs.com\\\/#organization\",\"name\":\"Kanzlei Fuchs - Steuer- und Wirtschaftsberatung\",\"url\":\"https:\\\/\\\/kanzleifuchs.com\\\/\",\"logo\":{\"@type\":\"ImageObject\",\"inLanguage\":\"en-GB\",\"@id\":\"https:\\\/\\\/kanzleifuchs.com\\\/#\\\/schema\\\/logo\\\/image\\\/\",\"url\":\"https:\\\/\\\/kanzleifuchs.com\\\/wp-content\\\/uploads\\\/2024\\\/08\\\/kanzlei-fuchs-logo-square.png\",\"contentUrl\":\"https:\\\/\\\/kanzleifuchs.com\\\/wp-content\\\/uploads\\\/2024\\\/08\\\/kanzlei-fuchs-logo-square.png\",\"width\":784,\"height\":785,\"caption\":\"Kanzlei Fuchs - Steuer- und Wirtschaftsberatung\"},\"image\":{\"@id\":\"https:\\\/\\\/kanzleifuchs.com\\\/#\\\/schema\\\/logo\\\/image\\\/\"}}]}<\/script>\n<!-- \/ Yoast SEO plugin. -->","yoast_head_json":{"title":"Datentransfer | Kanzlei Fuchs","description":"Datentransfer der Steuer- und Wirtschaftsberatung Kanzlei Fuchs in Bielefeld. Hier k\u00f6nnen Sie uns Ihre Unterlagen zusenden.","robots":{"index":"index","follow":"follow","max-snippet":"max-snippet:-1","max-image-preview":"max-image-preview:large","max-video-preview":"max-video-preview:-1"},"canonical":"https:\/\/kanzleifuchs.com\/en\/datentransfer\/","og_locale":"en_GB","og_type":"article","og_title":"Datentransfer | Kanzlei Fuchs","og_description":"Datentransfer der Steuer- und Wirtschaftsberatung Kanzlei Fuchs in Bielefeld. Hier k\u00f6nnen Sie uns Ihre Unterlagen zusenden.","og_url":"https:\/\/kanzleifuchs.com\/en\/datentransfer\/","og_site_name":"Kanzlei Fuchs","article_modified_time":"2024-11-03T10:50:33+00:00","twitter_card":"summary_large_image","twitter_title":"Datentransfer | Kanzlei Fuchs","twitter_description":"Impressum der Steuer- und Wirtschaftsberatung Kanzlei Fuchs in Bielefeld. Unsere Kontaktdaten, Rechtsform und weitere wichtige Informationen.","twitter_misc":{"Estimated reading time":"1 minute"},"schema":{"@context":"https:\/\/schema.org","@graph":[{"@type":"WebPage","@id":"https:\/\/kanzleifuchs.com\/datentransfer\/","url":"https:\/\/kanzleifuchs.com\/datentransfer\/","name":"Datentransfer | Kanzlei Fuchs","isPartOf":{"@id":"https:\/\/kanzleifuchs.com\/#website"},"datePublished":"2024-10-27T13:08:54+00:00","dateModified":"2024-11-03T10:50:33+00:00","description":"Datentransfer der Steuer- und Wirtschaftsberatung Kanzlei Fuchs in Bielefeld. Hier k\u00f6nnen Sie uns Ihre Unterlagen zusenden.","breadcrumb":{"@id":"https:\/\/kanzleifuchs.com\/datentransfer\/#breadcrumb"},"inLanguage":"en-GB","potentialAction":[{"@type":"ReadAction","target":["https:\/\/kanzleifuchs.com\/datentransfer\/"]}]},{"@type":"BreadcrumbList","@id":"https:\/\/kanzleifuchs.com\/datentransfer\/#breadcrumb","itemListElement":[{"@type":"ListItem","position":1,"name":"Startseite","item":"https:\/\/kanzleifuchs.com\/"},{"@type":"ListItem","position":2,"name":"Datentransfer"}]},{"@type":"WebSite","@id":"https:\/\/kanzleifuchs.com\/#website","url":"https:\/\/kanzleifuchs.com\/","name":"Kanzlei Fuchs","description":"Steuer- und Wirtschaftsberatung","publisher":{"@id":"https:\/\/kanzleifuchs.com\/#organization"},"potentialAction":[{"@type":"SearchAction","target":{"@type":"EntryPoint","urlTemplate":"https:\/\/kanzleifuchs.com\/?s={search_term_string}"},"query-input":{"@type":"PropertyValueSpecification","valueRequired":true,"valueName":"search_term_string"}}],"inLanguage":"en-GB"},{"@type":"Organization","@id":"https:\/\/kanzleifuchs.com\/#organization","name":"Kanzlei Fuchs - Steuer- und Wirtschaftsberatung","url":"https:\/\/kanzleifuchs.com\/","logo":{"@type":"ImageObject","inLanguage":"en-GB","@id":"https:\/\/kanzleifuchs.com\/#\/schema\/logo\/image\/","url":"https:\/\/kanzleifuchs.com\/wp-content\/uploads\/2024\/08\/kanzlei-fuchs-logo-square.png","contentUrl":"https:\/\/kanzleifuchs.com\/wp-content\/uploads\/2024\/08\/kanzlei-fuchs-logo-square.png","width":784,"height":785,"caption":"Kanzlei Fuchs - Steuer- und Wirtschaftsberatung"},"image":{"@id":"https:\/\/kanzleifuchs.com\/#\/schema\/logo\/image\/"}}]}},"_links":{"self":[{"href":"https:\/\/kanzleifuchs.com\/en\/wp-json\/wp\/v2\/pages\/57883","targetHints":{"allow":["GET"]}}],"collection":[{"href":"https:\/\/kanzleifuchs.com\/en\/wp-json\/wp\/v2\/pages"}],"about":[{"href":"https:\/\/kanzleifuchs.com\/en\/wp-json\/wp\/v2\/types\/page"}],"author":[{"embeddable":true,"href":"https:\/\/kanzleifuchs.com\/en\/wp-json\/wp\/v2\/users\/1"}],"replies":[{"embeddable":true,"href":"https:\/\/kanzleifuchs.com\/en\/wp-json\/wp\/v2\/comments?post=57883"}],"version-history":[{"count":0,"href":"https:\/\/kanzleifuchs.com\/en\/wp-json\/wp\/v2\/pages\/57883\/revisions"}],"wp:attachment":[{"href":"https:\/\/kanzleifuchs.com\/en\/wp-json\/wp\/v2\/media?parent=57883"}],"curies":[{"name":"wp","href":"https:\/\/api.w.org\/{rel}","templated":true}]}}